{"id":10582,"date":"2024-11-29T12:48:55","date_gmt":"2024-11-29T11:48:55","guid":{"rendered":"https:\/\/demo-abcs.digital-click.tn\/?page_id=10582"},"modified":"2025-05-06T16:43:21","modified_gmt":"2025-05-06T14:43:21","slug":"liens-utiles-abcs","status":"publish","type":"page","link":"https:\/\/www.abcs.tn\/en\/liens-utiles-abcs\/","title":{"rendered":"Useful Links"},"content":{"rendered":"<div class=\"wpb-content-wrapper\"><div class=\"vc_row wpb_row vc_row-fluid\"><div class=\"container\"><div class=\"row\"><div class=\"wpb_column vc_column_container vc_col-sm-12\"><div class=\"vc_column-inner\"><div class=\"wpb_wrapper\"><div class=\"amwal-partner\">\r\n\t\t\t\t<div class=\"row\">\r\n\t\t\t\t\t<div class=\"partner-col-left col-md-3 col-sm-3 col-xs-12\"><a href=\"https:\/\/oect.org.tn\/\" class=\"partner-img\"><img decoding=\"async\" alt=\"11274\" src=\"https:\/\/www.abcs.tn\/wp-content\/uploads\/2024\/12\/Ordre-des-experts-comptables.jpg\"><\/a><\/div>\r\n\t\t\t\t\t<div class=\"partner-col-right col-md-9 col-sm-9 col-xs-12\"><a href=\"https:\/\/oect.org.tn\/\" class=\"title\">OECT<\/a><div class=\"partner-info\"> <span class=\"subtitle\">Order of Chartered Accountants of Tunisia.<\/span> <\/div><a href=\"https:\/\/oect.org.tn\/\" class=\"view-more\"  target=\"_blank\">Acc\u00e9der au Site<\/a><\/div>\r\n\t\t\t\t<\/div>\r\n\t\t\t<\/div><div class=\"vc_empty_space\"   style=\"height: 32px\"><span class=\"vc_empty_space_inner\"><\/span><\/div><div class=\"vc_empty_space\"   style=\"height: 32px\"><span class=\"vc_empty_space_inner\"><\/span><\/div><div class=\"amwal-partner\">\r\n\t\t\t\t<div class=\"row\">\r\n\t\t\t\t\t<div class=\"partner-col-left col-md-3 col-sm-3 col-xs-12\"><a href=\"http:\/\/www.finances.gov.tn\/fr\" class=\"partner-img\"><img decoding=\"async\" alt=\"11281\" src=\"https:\/\/www.abcs.tn\/wp-content\/uploads\/2024\/12\/Ministere-des-finances-scaled.jpg\"><\/a><\/div>\r\n\t\t\t\t\t<div class=\"partner-col-right col-md-9 col-sm-9 col-xs-12\"><a href=\"http:\/\/www.finances.gov.tn\/fr\" class=\"title\">MINISTERE DES FINANCES<\/a><div class=\"partner-info\"> <span class=\"subtitle\">Tunisian Republic.<\/span> <\/div><a href=\"http:\/\/www.finances.gov.tn\/fr\" class=\"view-more\"  target=\"_blank\">Acc\u00e9der au Site<\/a><\/div>\r\n\t\t\t\t<\/div>\r\n\t\t\t<\/div><div class=\"vc_empty_space\"   style=\"height: 32px\"><span class=\"vc_empty_space_inner\"><\/span><\/div><div class=\"vc_empty_space\"   style=\"height: 32px\"><span class=\"vc_empty_space_inner\"><\/span><\/div><div class=\"amwal-partner\">\r\n\t\t\t\t<div class=\"row\">\r\n\t\t\t\t\t<div class=\"partner-col-left col-md-3 col-sm-3 col-xs-12\"><a href=\"https:\/\/www.cnss.tn\/\" class=\"partner-img\"><img decoding=\"async\" alt=\"11282\" src=\"https:\/\/www.abcs.tn\/wp-content\/uploads\/2024\/12\/CNSS.jpg\"><\/a><\/div>\r\n\t\t\t\t\t<div class=\"partner-col-right col-md-9 col-sm-9 col-xs-12\"><a href=\"https:\/\/www.cnss.tn\/\" class=\"title\">CNSS<\/a><div class=\"partner-info\"> <span class=\"subtitle\">National Social Security Fund<\/span> <\/div><a href=\"https:\/\/www.cnss.tn\/\" class=\"view-more\"  target=\"_blank\">Acc\u00e9der au Site<\/a><\/div>\r\n\t\t\t\t<\/div>\r\n\t\t\t<\/div><div class=\"vc_empty_space\"   style=\"height: 32px\"><span class=\"vc_empty_space_inner\"><\/span><\/div><div class=\"vc_empty_space\"   style=\"height: 32px\"><span class=\"vc_empty_space_inner\"><\/span><\/div><div class=\"amwal-partner\">\r\n\t\t\t\t<div class=\"row\">\r\n\t\t\t\t\t<div class=\"partner-col-left col-md-3 col-sm-3 col-xs-12\"><a href=\"https:\/\/www.registre-entreprises.tn\/\" class=\"partner-img\"><img decoding=\"async\" alt=\"11283\" src=\"https:\/\/www.abcs.tn\/wp-content\/uploads\/2024\/12\/RNE.jpg\"><\/a><\/div>\r\n\t\t\t\t\t<div class=\"partner-col-right col-md-9 col-sm-9 col-xs-12\"><a href=\"https:\/\/www.registre-entreprises.tn\/\" class=\"title\">RNE<\/a><div class=\"partner-info\"> <span class=\"subtitle\">National Business Register<\/span> <\/div><a href=\"https:\/\/www.registre-entreprises.tn\/\" class=\"view-more\"  target=\"_blank\">Acc\u00e9der au Site<\/a><\/div>\r\n\t\t\t\t<\/div>\r\n\t\t\t<\/div><div class=\"vc_empty_space\"   style=\"height: 32px\"><span class=\"vc_empty_space_inner\"><\/span><\/div><div class=\"amwal-partner\">\r\n\t\t\t\t<div class=\"row\">\r\n\t\t\t\t\t<div class=\"partner-col-left col-md-3 col-sm-3 col-xs-12\"><a href=\"https:\/\/jibaya.tn\/\" class=\"partner-img\"><img decoding=\"async\" alt=\"11284\" src=\"https:\/\/www.abcs.tn\/wp-content\/uploads\/2024\/12\/Jibaya-scaled.jpg\"><\/a><\/div>\r\n\t\t\t\t\t<div class=\"partner-col-right col-md-9 col-sm-9 col-xs-12\"><a href=\"https:\/\/jibaya.tn\/\" class=\"title\">JIBAYA<\/a><div class=\"partner-info\"> <span class=\"subtitle\">Tunisian Tax Administration.<\/span> <\/div><a href=\"https:\/\/jibaya.tn\/\" class=\"view-more\"  target=\"_blank\">Acc\u00e9der au Site<\/a><\/div>\r\n\t\t\t\t<\/div>\r\n\t\t\t<\/div><div class=\"vc_empty_space\"   style=\"height: 32px\"><span class=\"vc_empty_space_inner\"><\/span><\/div><div class=\"amwal-partner\">\r\n\t\t\t\t<div class=\"row\">\r\n\t\t\t\t\t<div class=\"partner-col-left col-md-3 col-sm-3 col-xs-12\"><a href=\"https:\/\/www.cbf.org.tn\/\" class=\"partner-img\"><img decoding=\"async\" alt=\"11285\" src=\"https:\/\/www.abcs.tn\/wp-content\/uploads\/2024\/12\/APTBEF-scaled.jpg\"><\/a><\/div>\r\n\t\t\t\t\t<div class=\"partner-col-right col-md-9 col-sm-9 col-xs-12\"><a href=\"https:\/\/www.cbf.org.tn\/\" class=\"title\">APTBEF<\/a><div class=\"partner-info\"> <span class=\"subtitle\">The Tunisian Professional Association of Banks and Financial Institutions<\/span> <\/div><a href=\"https:\/\/www.cbf.org.tn\/\" class=\"view-more\"  target=\"_blank\">Acc\u00e9der au Site<\/a><\/div>\r\n\t\t\t\t<\/div>\r\n\t\t\t<\/div><div class=\"vc_empty_space\"   style=\"height: 32px\"><span class=\"vc_empty_space_inner\"><\/span><\/div><div class=\"amwal-partner\">\r\n\t\t\t\t<div class=\"row\">\r\n\t\t\t\t\t<div class=\"partner-col-left col-md-3 col-sm-3 col-xs-12\"><a href=\"https:\/\/www.bct.gov.tn\/\" class=\"partner-img\"><img decoding=\"async\" alt=\"11287\" src=\"https:\/\/www.abcs.tn\/wp-content\/uploads\/2024\/12\/BCT-scaled.jpg\"><\/a><\/div>\r\n\t\t\t\t\t<div class=\"partner-col-right col-md-9 col-sm-9 col-xs-12\"><a href=\"https:\/\/www.bct.gov.tn\/\" class=\"title\">BCT<\/a><div class=\"partner-info\"> <span class=\"subtitle\">Central Bank of Tunisia<\/span> <\/div><a href=\"https:\/\/www.bct.gov.tn\/\" class=\"view-more\"  target=\"_blank\">Acc\u00e9der au Site<\/a><\/div>\r\n\t\t\t\t<\/div>\r\n\t\t\t<\/div><div class=\"vc_empty_space\"   style=\"height: 32px\"><span class=\"vc_empty_space_inner\"><\/span><\/div><div class=\"amwal-partner\">\r\n\t\t\t\t<div class=\"row\">\r\n\t\t\t\t\t<div class=\"partner-col-left col-md-3 col-sm-3 col-xs-12\"><a href=\"https:\/\/www.bvmt.com.tn\/\" class=\"partner-img\"><img decoding=\"async\" alt=\"11291\" src=\"https:\/\/www.abcs.tn\/wp-content\/uploads\/2024\/12\/BVMT-scaled.jpg\"><\/a><\/div>\r\n\t\t\t\t\t<div class=\"partner-col-right col-md-9 col-sm-9 col-xs-12\"><a href=\"https:\/\/www.bvmt.com.tn\/\" class=\"title\">BVMT<\/a><div class=\"partner-info\"> <span class=\"subtitle\">Tunisian Stock Exchange<\/span> <\/div><a href=\"https:\/\/www.bvmt.com.tn\/\" class=\"view-more\"  target=\"_blank\">Acc\u00e9der au Site<\/a><\/div>\r\n\t\t\t\t<\/div>\r\n\t\t\t<\/div><div class=\"vc_empty_space\"   style=\"height: 32px\"><span class=\"vc_empty_space_inner\"><\/span><\/div><\/div><\/div><\/div><\/div><\/div><\/div><div class=\"vc_row wpb_row vc_row-fluid\"><div class=\"container\"><div class=\"row\"><div class=\"wpb_column vc_column_container vc_col-sm-12\"><div class=\"vc_column-inner\"><div class=\"wpb_wrapper\"><\/div><\/div><\/div><\/div><\/div><\/div>\n<\/div>","protected":false},"excerpt":{"rendered":"OECT Ordre des Experts Comptables de Tunisie Acc\u00e9der au Site MINISTERE DES FINANCES R\u00e9publique Tunisienne Acc\u00e9der au Site CNSS Caisse Nationale de S\u00e9curit\u00e9 Sociale Acc\u00e9der au Site RNE Registre National des Entreprises Acc\u00e9der au Site JIBAYA Administration Fiscale Tunisienne Acc\u00e9der au Site APTBEF L\u2019Association Professionnelle Tunisienne des Banques et des Etablissements Financiers Acc\u00e9der au Site&hellip;","protected":false},"author":1,"featured_media":0,"parent":0,"menu_order":0,"comment_status":"closed","ping_status":"closed","template":"","meta":{"footnotes":""},"class_list":["post-10582","page","type-page","status-publish","hentry"],"yoast_head":"<!-- This site is optimized with the Yoast SEO plugin v24.5 - https:\/\/yoast.com\/wordpress\/plugins\/seo\/ -->\n<title>Liens Utiles - ABCS<\/title>\n<meta name=\"description\" content=\"Acc\u00e9dez rapidement aux sites essentiels : OECT, Minist\u00e8re des Finances, CNSS, RNE et autres ressources officielles pour la gestion.\" \/>\n<meta name=\"robots\" content=\"index, follow, max-snippet:-1, max-image-preview:large, max-video-preview:-1\" \/>\n<link rel=\"canonical\" href=\"https:\/\/www.abcs.tn\/en\/liens-utiles-abcs\/\" \/>\n<meta property=\"og:locale\" content=\"en_US\" \/>\n<meta property=\"og:type\" content=\"article\" \/>\n<meta property=\"og:title\" content=\"Liens Utiles - ABCS\" \/>\n<meta property=\"og:description\" content=\"Acc\u00e9dez rapidement aux sites essentiels : OECT, Minist\u00e8re des Finances, CNSS, RNE et autres ressources officielles pour la gestion.\" \/>\n<meta property=\"og:url\" content=\"https:\/\/www.abcs.tn\/en\/liens-utiles-abcs\/\" \/>\n<meta property=\"og:site_name\" content=\"ABCS\" \/>\n<meta property=\"article:publisher\" content=\"https:\/\/www.facebook.com\/profile.php?id=61570208257830&amp;locale=fr_FR\" \/>\n<meta property=\"article:modified_time\" content=\"2025-05-06T14:43:21+00:00\" \/>\n<meta name=\"twitter:card\" content=\"summary_large_image\" \/>\n<meta name=\"twitter:label1\" content=\"Est. reading time\" \/>\n\t<meta name=\"twitter:data1\" content=\"1 minute\" \/>\n<script type=\"application\/ld+json\" class=\"yoast-schema-graph\">{\"@context\":\"https:\/\/schema.org\",\"@graph\":[{\"@type\":\"WebPage\",\"@id\":\"https:\/\/www.abcs.tn\/liens-utiles-abcs\/\",\"url\":\"https:\/\/www.abcs.tn\/liens-utiles-abcs\/\",\"name\":\"Liens Utiles - ABCS\",\"isPartOf\":{\"@id\":\"https:\/\/www.abcs.tn\/#website\"},\"datePublished\":\"2024-11-29T11:48:55+00:00\",\"dateModified\":\"2025-05-06T14:43:21+00:00\",\"description\":\"Acc\u00e9dez rapidement aux sites essentiels : OECT, Minist\u00e8re des Finances, CNSS, RNE et autres ressources officielles pour la gestion.\",\"breadcrumb\":{\"@id\":\"https:\/\/www.abcs.tn\/liens-utiles-abcs\/#breadcrumb\"},\"inLanguage\":\"en-US\",\"potentialAction\":[{\"@type\":\"ReadAction\",\"target\":[\"https:\/\/www.abcs.tn\/liens-utiles-abcs\/\"]}]},{\"@type\":\"BreadcrumbList\",\"@id\":\"https:\/\/www.abcs.tn\/liens-utiles-abcs\/#breadcrumb\",\"itemListElement\":[{\"@type\":\"ListItem\",\"position\":1,\"name\":\"Accueil\",\"item\":\"https:\/\/www.abcs.tn\/\"},{\"@type\":\"ListItem\",\"position\":2,\"name\":\"Liens Utiles\"}]},{\"@type\":\"WebSite\",\"@id\":\"https:\/\/www.abcs.tn\/#website\",\"url\":\"https:\/\/www.abcs.tn\/\",\"name\":\"ABCS\",\"description\":\"\",\"publisher\":{\"@id\":\"https:\/\/www.abcs.tn\/#organization\"},\"potentialAction\":[{\"@type\":\"SearchAction\",\"target\":{\"@type\":\"EntryPoint\",\"urlTemplate\":\"https:\/\/www.abcs.tn\/?s={search_term_string}\"},\"query-input\":{\"@type\":\"PropertyValueSpecification\",\"valueRequired\":true,\"valueName\":\"search_term_string\"}}],\"inLanguage\":\"en-US\"},{\"@type\":\"Organization\",\"@id\":\"https:\/\/www.abcs.tn\/#organization\",\"name\":\"ABCS\",\"url\":\"https:\/\/www.abcs.tn\/\",\"logo\":{\"@type\":\"ImageObject\",\"inLanguage\":\"en-US\",\"@id\":\"https:\/\/www.abcs.tn\/#\/schema\/logo\/image\/\",\"url\":\"https:\/\/www.abcs.tn\/wp-content\/uploads\/2024\/12\/cropped-L1180px-180px.png\",\"contentUrl\":\"https:\/\/www.abcs.tn\/wp-content\/uploads\/2024\/12\/cropped-L1180px-180px.png\",\"width\":512,\"height\":512,\"caption\":\"ABCS\"},\"image\":{\"@id\":\"https:\/\/www.abcs.tn\/#\/schema\/logo\/image\/\"},\"sameAs\":[\"https:\/\/www.facebook.com\/profile.php?id=61570208257830&locale=fr_FR\",\"https:\/\/www.instagram.com\/cabinet_abcs\/\",\"https:\/\/www.linkedin.com\/company\/abcs-audit-business-consulting-services\/?viewAsMember=true\"]}]}<\/script>\n<!-- \/ Yoast SEO plugin. -->","yoast_head_json":{"title":"Liens Utiles - ABCS","description":"Acc\u00e9dez rapidement aux sites essentiels : OECT, Minist\u00e8re des Finances, CNSS, RNE et autres ressources officielles pour la gestion.","robots":{"index":"index","follow":"follow","max-snippet":"max-snippet:-1","max-image-preview":"max-image-preview:large","max-video-preview":"max-video-preview:-1"},"canonical":"https:\/\/www.abcs.tn\/en\/liens-utiles-abcs\/","og_locale":"en_US","og_type":"article","og_title":"Liens Utiles - ABCS","og_description":"Acc\u00e9dez rapidement aux sites essentiels : OECT, Minist\u00e8re des Finances, CNSS, RNE et autres ressources officielles pour la gestion.","og_url":"https:\/\/www.abcs.tn\/en\/liens-utiles-abcs\/","og_site_name":"ABCS","article_publisher":"https:\/\/www.facebook.com\/profile.php?id=61570208257830&locale=fr_FR","article_modified_time":"2025-05-06T14:43:21+00:00","twitter_card":"summary_large_image","twitter_misc":{"Est. reading time":"1 minute"},"schema":{"@context":"https:\/\/schema.org","@graph":[{"@type":"WebPage","@id":"https:\/\/www.abcs.tn\/liens-utiles-abcs\/","url":"https:\/\/www.abcs.tn\/liens-utiles-abcs\/","name":"Liens Utiles - ABCS","isPartOf":{"@id":"https:\/\/www.abcs.tn\/#website"},"datePublished":"2024-11-29T11:48:55+00:00","dateModified":"2025-05-06T14:43:21+00:00","description":"Acc\u00e9dez rapidement aux sites essentiels : OECT, Minist\u00e8re des Finances, CNSS, RNE et autres ressources officielles pour la gestion.","breadcrumb":{"@id":"https:\/\/www.abcs.tn\/liens-utiles-abcs\/#breadcrumb"},"inLanguage":"en-US","potentialAction":[{"@type":"ReadAction","target":["https:\/\/www.abcs.tn\/liens-utiles-abcs\/"]}]},{"@type":"BreadcrumbList","@id":"https:\/\/www.abcs.tn\/liens-utiles-abcs\/#breadcrumb","itemListElement":[{"@type":"ListItem","position":1,"name":"Accueil","item":"https:\/\/www.abcs.tn\/"},{"@type":"ListItem","position":2,"name":"Liens Utiles"}]},{"@type":"WebSite","@id":"https:\/\/www.abcs.tn\/#website","url":"https:\/\/www.abcs.tn\/","name":"ABCS","description":"","publisher":{"@id":"https:\/\/www.abcs.tn\/#organization"},"potentialAction":[{"@type":"SearchAction","target":{"@type":"EntryPoint","urlTemplate":"https:\/\/www.abcs.tn\/?s={search_term_string}"},"query-input":{"@type":"PropertyValueSpecification","valueRequired":true,"valueName":"search_term_string"}}],"inLanguage":"en-US"},{"@type":"Organization","@id":"https:\/\/www.abcs.tn\/#organization","name":"ABCS","url":"https:\/\/www.abcs.tn\/","logo":{"@type":"ImageObject","inLanguage":"en-US","@id":"https:\/\/www.abcs.tn\/#\/schema\/logo\/image\/","url":"https:\/\/www.abcs.tn\/wp-content\/uploads\/2024\/12\/cropped-L1180px-180px.png","contentUrl":"https:\/\/www.abcs.tn\/wp-content\/uploads\/2024\/12\/cropped-L1180px-180px.png","width":512,"height":512,"caption":"ABCS"},"image":{"@id":"https:\/\/www.abcs.tn\/#\/schema\/logo\/image\/"},"sameAs":["https:\/\/www.facebook.com\/profile.php?id=61570208257830&locale=fr_FR","https:\/\/www.instagram.com\/cabinet_abcs\/","https:\/\/www.linkedin.com\/company\/abcs-audit-business-consulting-services\/?viewAsMember=true"]}]}},"_links":{"self":[{"href":"https:\/\/www.abcs.tn\/en\/wp-json\/wp\/v2\/pages\/10582","targetHints":{"allow":["GET"]}}],"collection":[{"href":"https:\/\/www.abcs.tn\/en\/wp-json\/wp\/v2\/pages"}],"about":[{"href":"https:\/\/www.abcs.tn\/en\/wp-json\/wp\/v2\/types\/page"}],"author":[{"embeddable":true,"href":"https:\/\/www.abcs.tn\/en\/wp-json\/wp\/v2\/users\/1"}],"replies":[{"embeddable":true,"href":"https:\/\/www.abcs.tn\/en\/wp-json\/wp\/v2\/comments?post=10582"}],"version-history":[{"count":25,"href":"https:\/\/www.abcs.tn\/en\/wp-json\/wp\/v2\/pages\/10582\/revisions"}],"predecessor-version":[{"id":11716,"href":"https:\/\/www.abcs.tn\/en\/wp-json\/wp\/v2\/pages\/10582\/revisions\/11716"}],"wp:attachment":[{"href":"https:\/\/www.abcs.tn\/en\/wp-json\/wp\/v2\/media?parent=10582"}],"curies":[{"name":"wp","href":"https:\/\/api.w.org\/{rel}","templated":true}]}}