{"id":9305,"date":"2016-11-22T07:03:05","date_gmt":"2016-11-22T07:03:05","guid":{"rendered":"http:\/\/amwal.miraclestudio.design\/?page_id=9305"},"modified":"2025-05-06T16:35:57","modified_gmt":"2025-05-06T14:35:57","slug":"construire-la-confiance-guider-la-performance","status":"publish","type":"page","link":"https:\/\/www.abcs.tn\/en\/construire-la-confiance-guider-la-performance\/","title":{"rendered":"Consulting and Accounting Firm"},"content":{"rendered":"<div class=\"wpb-content-wrapper\"><section class=\"vc_section vc_custom_1734619753970\"><div class=\"vc_row wpb_row vc_row-fluid vc_custom_1734100282211\"><div class=\"container\"><div class=\"row\"><div class=\"wpb_column vc_column_container vc_col-sm-12\"><div class=\"vc_column-inner\"><div class=\"wpb_wrapper\"><div class=\"vc_empty_space\"   style=\"height: 32px\"><span class=\"vc_empty_space_inner\"><\/span><\/div><div class=\"section-title title-block title-style-1 text-left\"><span class=\"top-title\"><\/span><h2 class=\"title\">Learn more about us<\/h2><\/div><\/div><\/div><\/div><\/div><\/div><\/div><div class=\"vc_row wpb_row vc_row-fluid\"><div class=\"container\"><div class=\"row\"><div class=\"wpb_column vc_column_container vc_col-sm-6\"><div class=\"vc_column-inner\"><div class=\"wpb_wrapper\"><div class=\"section-title title-block title-style-1 text-left\"><div class=\"desc\"><h4 style=\"text-align: left;\"><span style=\"color: #333333;\"><strong>ABCS- Audit Business &amp; Consulting Services<\/strong><\/span><\/h4>\n<hr \/>\n<p style=\"text-align: left;\"><span style=\"color: #808080;\">Audit Business &amp; Consulting Services has been operating in Tunisia since 2009. It is an accounting firm and a member of the Tunisian Order of Chartered Accountants.<\/span><\/p>\n<p>&nbsp;<\/p>\n<p style=\"text-align: left;\"><span style=\"color: #808080;\">To support its growth, our firm relies on experienced experts who have worked throughout their careers on various projects and assignments in internationally renowned firms and have served prominent clients in Tunisia and abroad. Our experts possess extensive consulting experience and specialized expertise in the oil industry, renewable energy, and green energy. This expertise has consistently delivered unparalleled added value over the years to large-scale companies.<\/span><\/p>\n<p>&nbsp;<\/p>\n<p style=\"text-align: left;\"><span style=\"color: #808080;\">Our firm offers a specialized range of services in audit, accounting assistance, consulting, financial analysis, local and international taxation, and due diligence.<\/span><\/p>\n<\/div><\/div><div class=\"vc_empty_space\"   style=\"height: 32px\"><span class=\"vc_empty_space_inner\"><\/span><\/div><\/div><\/div><\/div><div class=\"wpb_column vc_column_container vc_col-sm-6\"><div class=\"vc_column-inner vc_custom_1481795658232\"><div class=\"wpb_wrapper\"><div class=\"vc_empty_space\"   style=\"height: 32px\"><span class=\"vc_empty_space_inner\"><\/span><\/div><div class=\"vc_empty_space\"   style=\"height: 32px\"><span class=\"vc_empty_space_inner\"><\/span><\/div>\n\t<div  class=\"wpb_single_image wpb_content_element vc_align_left wpb_content_element vc_custom_1736947611468\">\n\t\t\n\t\t<figure class=\"wpb_wrapper vc_figure\">\n\t\t\t<div class=\"vc_single_image-wrapper   vc_box_border_grey\"><img loading=\"lazy\" decoding=\"async\" width=\"698\" height=\"390\" src=\"https:\/\/www.abcs.tn\/wp-content\/uploads\/2016\/11\/about-2-img-1-1.jpg\" class=\"vc_single_image-img attachment-full\" alt=\"\" title=\"about-2-img-1\" \/><\/div>\n\t\t<\/figure>\n\t<\/div>\n<\/div><\/div><\/div><\/div><\/div><\/div><\/section><div class=\"vc_row wpb_row vc_row-fluid vc_custom_1487584506257 vc_row-has-fill overlay-enable parallax no-parallax-mobile\"><div class=\"overlay\" style=\"background-color:rgba(10,44,78,0.75)\"><\/div><div class=\"container\"><div class=\"row\"><div class=\"wpb_column vc_column_container vc_col-sm-4\"><div class=\"vc_column-inner vc_custom_1738143535203\"><div class=\"wpb_wrapper\"><\/div><\/div><\/div><div class=\"wpb_column vc_column_container vc_col-sm-4\"><div class=\"vc_column-inner\"><div class=\"wpb_wrapper\"><div class=\"vc_empty_space\"   style=\"height: 32px\"><span class=\"vc_empty_space_inner\"><\/span><\/div><div class=\"vc-hoverbox-wrapper  vc_custom_1738153224305 vc-hoverbox-shape--rounded vc-hoverbox-align--center vc-hoverbox-direction--default vc-hoverbox-width--100\"  ontouchstart=\"\">\n  <div class=\"vc-hoverbox\">\n    <div class=\"vc-hoverbox-inner\">\n      <div class=\"vc-hoverbox-block vc-hoverbox-front\" style=\"background-image: url(https:\/\/www.abcs.tn\/wp-content\/uploads\/2025\/01\/image_test-removebg-preview.png);\">\n        <div class=\"vc-hoverbox-block-inner vc-hoverbox-front-inner\">\n            \n        <\/div>\n      <\/div>\n      <div class=\"vc-hoverbox-block vc-hoverbox-back\" style=\"background-color: #B1B6FE00;\">\n        <div class=\"vc-hoverbox-block-inner vc-hoverbox-back-inner\">\n            <h2 style=\"color: #FFFFFF;text-align: center;font-family:Abril Fatface;font-weight:400;font-style:normal\" class=\"vc_custom_heading vc_do_custom_heading\" >15 years of experience in various fields.<\/h2>\n            \n            \n        <\/div>\n      <\/div>\n    <\/div>\n  <\/div>\n<\/div><div class=\"vc_empty_space\"   style=\"height: 32px\"><span class=\"vc_empty_space_inner\"><\/span><\/div><\/div><\/div><\/div><div class=\"wpb_column vc_column_container vc_col-sm-4\"><div class=\"vc_column-inner\"><div class=\"wpb_wrapper\"><\/div><\/div><\/div><\/div><\/div><\/div><section class=\"vc_section vc_custom_1737223741329 vc_custom_1737225346578 vc_section-has-fill\"><div class=\"vc_row wpb_row vc_row-fluid vc_custom_1737204356942 vc_row-has-fill vc_row-o-content-middle vc_row-flex overlay-enable\"><div class=\"overlay\" style=\"background-color:#1E73BE00\"><\/div><div class=\"container\"><div class=\"row\"><div class=\"wpb_column vc_column_container vc_col-sm-12\"><div class=\"vc_column-inner\"><div class=\"wpb_wrapper\"><div class=\"section-title title-block title-style-1 text-center\"><span class=\"top-title\"><\/span><h2 class=\"title\">Our strengths.<\/h2><div class=\"sub-title\">Our success, Our promise.<\/div><span class=\"bottom-title\"><\/span><\/div><div class=\"vc_row wpb_row vc_inner vc_row-fluid vc_custom_1737201359042 vc_row-has-fill\"><div class=\"wpb_column vc_column_container vc_col-sm-4 vc_col-has-fill\"><div class=\"vc_column-inner vc_custom_1737201392095\"><div class=\"wpb_wrapper\"><div class=\"amwal-icon-box  box-style-1  text-center\">\r\n\t\t\t\t <span class=\"b-icon fa fa-group\"><\/span><h4 class=\"title\">Qualified Human Resources.<\/h4><div class=\"desc\"><hr \/>\n<\/div>\r\n\t\t\t<\/div>\n\t<div class=\"wpb_text_column wpb_content_element\" >\n\t\t<div class=\"wpb_wrapper\">\n\t\t\t<p>A cohesive and complementary team, dynamic, responsive, and diverse.<\/p>\n<div style=\"margin-left: 20px; margin-top: 10px;\">\n<p><i class=\"fa fa-check\" style=\"color: red;\"><\/i>\u00a0Of chartered accountants.<\/p>\n<p><i class=\"fa fa-check\" style=\"color: red;\"><\/i>\u00a0Of well-trained collaborators.<\/p>\n<p><i class=\"fa fa-check\" style=\"color: red;\"><\/i>\u00a0Of an IT consultant.<\/p>\n<p><i class=\"fa fa-check\" style=\"color: red;\"><\/i>\u00a0Trusted partners: lawyers and notaries.<\/p>\n<\/div>\n\n\t\t<\/div>\n\t<\/div>\n<\/div><\/div><\/div><div class=\"wpb_column vc_column_container vc_col-sm-4 vc_col-has-fill\"><div class=\"vc_column-inner vc_custom_1737201380715\"><div class=\"wpb_wrapper\"><div class=\"amwal-icon-box  box-style-1  text-center\">\r\n\t\t\t\t <span class=\"b-icon fa fa-area-chart\"><\/span><h4 class=\"title\">High Added Value.<\/h4><div class=\"desc\"><hr \/>\n<\/div>\r\n\t\t\t<\/div>\n\t<div class=\"wpb_text_column wpb_content_element\" >\n\t\t<div class=\"wpb_wrapper\">\n\t\t\t<p><span style=\"color: #808080;\">The accumulation of experience and expertise by our team over more than 20 years in various sectors has ensured:<\/span><\/p>\n<div style=\"margin-left: 20px; margin-top: 10px;\">\n<p><i class=\"fa fa-check\" style=\"color: red;\"><\/i>\u00a0Significant value-added advice for our clients.<\/p>\n<p><i class=\"fa fa-check\" style=\"color: red;\"><\/i>\u00a0High-quality deliverables, produced according to formalized and standardized procedures.<\/p>\n<p><i class=\"fa fa-check\" style=\"color: red;\"><\/i>\u00a0Solutions tailored to the unique challenges of each of our clients, addressing complex issues in accounting, social, legal, and tax matters.<\/p>\n<\/div>\n\n\t\t<\/div>\n\t<\/div>\n<\/div><\/div><\/div><div class=\"wpb_column vc_column_container vc_col-sm-4 vc_col-has-fill\"><div class=\"vc_column-inner vc_custom_1734482204382\"><div class=\"wpb_wrapper\"><div class=\"amwal-icon-box  box-style-1  text-center\">\r\n\t\t\t\t <span class=\"b-icon icon-display2\"><\/span><h4 class=\"title\">Technological Development.<\/h4><div class=\"desc\"><hr \/>\n<\/div>\r\n\t\t\t<\/div>\n\t<div class=\"wpb_text_column wpb_content_element\" >\n\t\t<div class=\"wpb_wrapper\">\n\t\t\t<p>ABCS has expertise in IT and advanced, highly secure tools that enable:<\/p>\n<div style=\"margin-left: 20px; margin-top: 10px;\">\n<p><i class=\"fa fa-check\" style=\"color: red;\"><\/i> Better communication and availability with our clients.<\/p>\n<p><i class=\"fa fa-check\" style=\"color: red;\"><\/i> Digital processes and comprehensive support for our clients.<\/p>\n<p><i class=\"fa fa-check\" style=\"color: red;\"><\/i>\u00a0Better data security.<\/p>\n<p><i class=\"fa fa-check\" style=\"color: red;\"><\/i>\u00a0Being ahead of the market and responding with agility to competitive threats.<\/p>\n<\/div>\n\n\t\t<\/div>\n\t<\/div>\n<\/div><\/div><\/div><\/div><div class=\"vc_empty_space\"   style=\"height: 32px\"><span class=\"vc_empty_space_inner\"><\/span><\/div><\/div><\/div><\/div><\/div><\/div><\/div><div class=\"vc_row wpb_row vc_row-fluid\"><div class=\"container\"><div class=\"row\"><div class=\"wpb_column vc_column_container vc_col-sm-12\"><div class=\"vc_column-inner\"><div class=\"wpb_wrapper\"><\/div><\/div><\/div><\/div><\/div><\/div><\/section><section class=\"vc_section vc_custom_1737201771274 vc_section-has-fill\"><div class=\"vc_row wpb_row vc_row-fluid vc_custom_1732898724704\"><div class=\"container\"><div class=\"row\"><div class=\"wpb_column vc_column_container vc_col-sm-12\"><div class=\"vc_column-inner\"><div class=\"wpb_wrapper\"><div class=\"section-title title-block title-style-1 text-center\"><span class=\"top-title\"><\/span><h2 class=\"title\">Business sectors.<\/h2><div class=\"sub-title\">Main areas of intervention.<\/div><span class=\"bottom-title\"><\/span><\/div><div class=\"vc_empty_space\"   style=\"height: 32px\"><span class=\"vc_empty_space_inner\"><\/span><\/div><\/div><\/div><\/div><\/div><\/div><\/div><\/section><div class=\"vc_row wpb_row vc_row-fluid\"><div class=\"container\"><div class=\"row\"><div class=\"wpb_column vc_column_container vc_col-sm-12\"><div class=\"vc_column-inner\"><div class=\"wpb_wrapper\"><\/div><\/div><\/div><\/div><\/div><\/div><div class=\"vc_row wpb_row vc_row-fluid\"><div class=\"container\"><div class=\"row\"><div class=\"wpb_column vc_column_container vc_col-sm-12\"><div class=\"vc_column-inner\"><div class=\"wpb_wrapper\"><div class=\"amwal-clients  clients-style-1\"><div class=\"owl-client-list row\" id=\"clients-carousel-69da28bd053d1\"><div class=\"client-item col-md-3 col-sm-6 col-xs-12\"><a class=\"image-item\" href=\"\" target=\"_self\"><img decoding=\"async\" class=\"img-responsive partner-img\" alt=\"10633\"  src=\"https:\/\/www.abcs.tn\/wp-content\/uploads\/2024\/12\/associations.png\"><\/a><\/div> <div class=\"client-item col-md-3 col-sm-6 col-xs-12\"><a class=\"image-item\"  target=\"_self\"><img decoding=\"async\" class=\"img-responsive partner-img\" alt=\"10629\"  src=\"https:\/\/www.abcs.tn\/wp-content\/uploads\/2024\/12\/petrole-et-energie.png\"><\/a><\/div> <div class=\"client-item col-md-3 col-sm-6 col-xs-12\"><a class=\"image-item\"  target=\"_self\"><img decoding=\"async\" class=\"img-responsive partner-img\" alt=\"10627\"  src=\"https:\/\/www.abcs.tn\/wp-content\/uploads\/2024\/12\/agence-internationale-de-coopertion.png\"><\/a><\/div> <div class=\"client-item col-md-3 col-sm-6 col-xs-12\"><a class=\"image-item\"  target=\"_self\"><img decoding=\"async\" class=\"img-responsive partner-img\" alt=\"10630\"  src=\"https:\/\/www.abcs.tn\/wp-content\/uploads\/2024\/12\/agriculture.png\"><\/a><\/div> <div class=\"client-item col-md-3 col-sm-6 col-xs-12\"><a class=\"image-item\"  target=\"_self\"><img decoding=\"async\" class=\"img-responsive partner-img\" alt=\"10659\"  src=\"https:\/\/www.abcs.tn\/wp-content\/uploads\/2024\/12\/BATIMENT-1.png\"><\/a><\/div> <div class=\"client-item col-md-3 col-sm-6 col-xs-12\"><a class=\"image-item\"  target=\"_self\"><img decoding=\"async\" class=\"img-responsive partner-img\" alt=\"10660\"  src=\"https:\/\/www.abcs.tn\/wp-content\/uploads\/2024\/12\/industie.png\"><\/a><\/div> <div class=\"client-item col-md-3 col-sm-6 col-xs-12\"><a class=\"image-item\"  target=\"_self\"><img decoding=\"async\" class=\"img-responsive partner-img\" alt=\"10662\"  src=\"https:\/\/www.abcs.tn\/wp-content\/uploads\/2024\/12\/ntic-2.png\"><\/a><\/div> <div class=\"client-item col-md-3 col-sm-6 col-xs-12\"><a class=\"image-item\"  target=\"_self\"><img decoding=\"async\" class=\"img-responsive partner-img\" alt=\"10661\"  src=\"https:\/\/www.abcs.tn\/wp-content\/uploads\/2024\/12\/medical.png\"><\/a><\/div> <div class=\"client-item col-md-3 col-sm-6 col-xs-12\"><a class=\"image-item\"  target=\"_self\"><img decoding=\"async\" class=\"img-responsive partner-img\" alt=\"10634\"  src=\"https:\/\/www.abcs.tn\/wp-content\/uploads\/2024\/12\/commerce-.png\"><\/a><\/div> <div class=\"client-item col-md-3 col-sm-6 col-xs-12\"><a class=\"image-item\"  target=\"_self\"><img decoding=\"async\" class=\"img-responsive partner-img\" alt=\"10635\"  src=\"https:\/\/www.abcs.tn\/wp-content\/uploads\/2024\/12\/logistique-.png\"><\/a><\/div> <div class=\"client-item col-md-3 col-sm-6 col-xs-12\"><a class=\"image-item\"  target=\"_self\"><img decoding=\"async\" class=\"img-responsive partner-img\" alt=\"10639\"  src=\"https:\/\/www.abcs.tn\/wp-content\/uploads\/2024\/12\/energie-.png\"><\/a><\/div> <div class=\"client-item col-md-3 col-sm-6 col-xs-12\"><a class=\"image-item\"  target=\"_self\"><img decoding=\"async\" class=\"img-responsive partner-img\" alt=\"10637\"  src=\"https:\/\/www.abcs.tn\/wp-content\/uploads\/2024\/12\/services.png\"><\/a><\/div><\/div><\/div><\/div><\/div><\/div><\/div><\/div><\/div><div class=\"vc_row wpb_row vc_row-fluid\"><div class=\"container\"><div class=\"row\"><div class=\"wpb_column vc_column_container vc_col-sm-12\"><div class=\"vc_column-inner\"><div class=\"wpb_wrapper\"><\/div><\/div><\/div><\/div><\/div><\/div><div class=\"vc_row wpb_row vc_row-fluid\"><div class=\"container\"><div class=\"row\"><div class=\"wpb_column vc_column_container vc_col-sm-12\"><div class=\"vc_column-inner\"><div class=\"wpb_wrapper\"><\/div><\/div><\/div><\/div><\/div><\/div>\n<\/div>","protected":false},"excerpt":{"rendered":"En savoir plus sur nousABCS- Audit Business &amp; Consulting Services Audit Business &amp; Consulting Services est pr\u00e9sent en Tunisie depuis 2009. C\u2019est une soci\u00e9t\u00e9 d\u2019expertise comptable membre de l\u2019Ordre des Experts Comptables de Tunisie. &nbsp; Pour accompagner sa croissance, notre cabinet fait appel \u00e0 des experts exp\u00e9riment\u00e9s qui ont intervenu tout au long de leurs&hellip;","protected":false},"author":1,"featured_media":0,"parent":0,"menu_order":0,"comment_status":"closed","ping_status":"closed","template":"template-full-width.php","meta":{"footnotes":""},"class_list":["post-9305","page","type-page","status-publish","hentry"],"yoast_head":"<!-- This site is optimized with the Yoast SEO plugin v24.5 - https:\/\/yoast.com\/wordpress\/plugins\/seo\/ -->\n<title>Cabinet de Conseil et d\u2019Expertise Comptable - ABCS - 15 ans d\u2019Expertise.<\/title>\n<meta name=\"description\" content=\"ABCS, cabinet comptable en Tunisie depuis 2010, offre 15 ans d\u2019expertise en audit, conseil, fiscalit\u00e9 et outsourcing multisectoriel.\" \/>\n<meta name=\"robots\" content=\"index, follow, max-snippet:-1, max-image-preview:large, max-video-preview:-1\" \/>\n<link rel=\"canonical\" href=\"https:\/\/www.abcs.tn\/en\/construire-la-confiance-guider-la-performance\/\" \/>\n<meta property=\"og:locale\" content=\"en_US\" \/>\n<meta property=\"og:type\" content=\"article\" \/>\n<meta property=\"og:title\" content=\"Cabinet de Conseil et d\u2019Expertise Comptable - ABCS - 15 ans d\u2019Expertise.\" \/>\n<meta property=\"og:description\" content=\"ABCS, cabinet comptable en Tunisie depuis 2010, offre 15 ans d\u2019expertise en audit, conseil, fiscalit\u00e9 et outsourcing multisectoriel.\" \/>\n<meta property=\"og:url\" content=\"https:\/\/www.abcs.tn\/en\/construire-la-confiance-guider-la-performance\/\" \/>\n<meta property=\"og:site_name\" content=\"ABCS\" \/>\n<meta property=\"article:publisher\" content=\"https:\/\/www.facebook.com\/profile.php?id=61570208257830&amp;locale=fr_FR\" \/>\n<meta property=\"article:modified_time\" content=\"2025-05-06T14:35:57+00:00\" \/>\n<meta name=\"twitter:card\" content=\"summary_large_image\" \/>\n<meta name=\"twitter:label1\" content=\"Est. reading time\" \/>\n\t<meta name=\"twitter:data1\" content=\"3 minutes\" \/>\n<script type=\"application\/ld+json\" class=\"yoast-schema-graph\">{\"@context\":\"https:\/\/schema.org\",\"@graph\":[{\"@type\":\"WebPage\",\"@id\":\"https:\/\/www.abcs.tn\/construire-la-confiance-guider-la-performance\/\",\"url\":\"https:\/\/www.abcs.tn\/construire-la-confiance-guider-la-performance\/\",\"name\":\"Cabinet de Conseil et d\u2019Expertise Comptable - ABCS - 15 ans d\u2019Expertise.\",\"isPartOf\":{\"@id\":\"https:\/\/www.abcs.tn\/#website\"},\"datePublished\":\"2016-11-22T07:03:05+00:00\",\"dateModified\":\"2025-05-06T14:35:57+00:00\",\"description\":\"ABCS, cabinet comptable en Tunisie depuis 2010, offre 15 ans d\u2019expertise en audit, conseil, fiscalit\u00e9 et outsourcing multisectoriel.\",\"breadcrumb\":{\"@id\":\"https:\/\/www.abcs.tn\/construire-la-confiance-guider-la-performance\/#breadcrumb\"},\"inLanguage\":\"en-US\",\"potentialAction\":[{\"@type\":\"ReadAction\",\"target\":[\"https:\/\/www.abcs.tn\/construire-la-confiance-guider-la-performance\/\"]}]},{\"@type\":\"BreadcrumbList\",\"@id\":\"https:\/\/www.abcs.tn\/construire-la-confiance-guider-la-performance\/#breadcrumb\",\"itemListElement\":[{\"@type\":\"ListItem\",\"position\":1,\"name\":\"Accueil\",\"item\":\"https:\/\/www.abcs.tn\/\"},{\"@type\":\"ListItem\",\"position\":2,\"name\":\"Cabinet de Conseil et d\u2019Expertise Comptable\"}]},{\"@type\":\"WebSite\",\"@id\":\"https:\/\/www.abcs.tn\/#website\",\"url\":\"https:\/\/www.abcs.tn\/\",\"name\":\"ABCS\",\"description\":\"\",\"publisher\":{\"@id\":\"https:\/\/www.abcs.tn\/#organization\"},\"potentialAction\":[{\"@type\":\"SearchAction\",\"target\":{\"@type\":\"EntryPoint\",\"urlTemplate\":\"https:\/\/www.abcs.tn\/?s={search_term_string}\"},\"query-input\":{\"@type\":\"PropertyValueSpecification\",\"valueRequired\":true,\"valueName\":\"search_term_string\"}}],\"inLanguage\":\"en-US\"},{\"@type\":\"Organization\",\"@id\":\"https:\/\/www.abcs.tn\/#organization\",\"name\":\"ABCS\",\"url\":\"https:\/\/www.abcs.tn\/\",\"logo\":{\"@type\":\"ImageObject\",\"inLanguage\":\"en-US\",\"@id\":\"https:\/\/www.abcs.tn\/#\/schema\/logo\/image\/\",\"url\":\"https:\/\/www.abcs.tn\/wp-content\/uploads\/2024\/12\/cropped-L1180px-180px.png\",\"contentUrl\":\"https:\/\/www.abcs.tn\/wp-content\/uploads\/2024\/12\/cropped-L1180px-180px.png\",\"width\":512,\"height\":512,\"caption\":\"ABCS\"},\"image\":{\"@id\":\"https:\/\/www.abcs.tn\/#\/schema\/logo\/image\/\"},\"sameAs\":[\"https:\/\/www.facebook.com\/profile.php?id=61570208257830&locale=fr_FR\",\"https:\/\/www.instagram.com\/cabinet_abcs\/\",\"https:\/\/www.linkedin.com\/company\/abcs-audit-business-consulting-services\/?viewAsMember=true\"]}]}<\/script>\n<!-- \/ Yoast SEO plugin. -->","yoast_head_json":{"title":"Cabinet de Conseil et d\u2019Expertise Comptable - ABCS - 15 ans d\u2019Expertise.","description":"ABCS, cabinet comptable en Tunisie depuis 2010, offre 15 ans d\u2019expertise en audit, conseil, fiscalit\u00e9 et outsourcing multisectoriel.","robots":{"index":"index","follow":"follow","max-snippet":"max-snippet:-1","max-image-preview":"max-image-preview:large","max-video-preview":"max-video-preview:-1"},"canonical":"https:\/\/www.abcs.tn\/en\/construire-la-confiance-guider-la-performance\/","og_locale":"en_US","og_type":"article","og_title":"Cabinet de Conseil et d\u2019Expertise Comptable - ABCS - 15 ans d\u2019Expertise.","og_description":"ABCS, cabinet comptable en Tunisie depuis 2010, offre 15 ans d\u2019expertise en audit, conseil, fiscalit\u00e9 et outsourcing multisectoriel.","og_url":"https:\/\/www.abcs.tn\/en\/construire-la-confiance-guider-la-performance\/","og_site_name":"ABCS","article_publisher":"https:\/\/www.facebook.com\/profile.php?id=61570208257830&locale=fr_FR","article_modified_time":"2025-05-06T14:35:57+00:00","twitter_card":"summary_large_image","twitter_misc":{"Est. reading time":"3 minutes"},"schema":{"@context":"https:\/\/schema.org","@graph":[{"@type":"WebPage","@id":"https:\/\/www.abcs.tn\/construire-la-confiance-guider-la-performance\/","url":"https:\/\/www.abcs.tn\/construire-la-confiance-guider-la-performance\/","name":"Cabinet de Conseil et d\u2019Expertise Comptable - ABCS - 15 ans d\u2019Expertise.","isPartOf":{"@id":"https:\/\/www.abcs.tn\/#website"},"datePublished":"2016-11-22T07:03:05+00:00","dateModified":"2025-05-06T14:35:57+00:00","description":"ABCS, cabinet comptable en Tunisie depuis 2010, offre 15 ans d\u2019expertise en audit, conseil, fiscalit\u00e9 et outsourcing multisectoriel.","breadcrumb":{"@id":"https:\/\/www.abcs.tn\/construire-la-confiance-guider-la-performance\/#breadcrumb"},"inLanguage":"en-US","potentialAction":[{"@type":"ReadAction","target":["https:\/\/www.abcs.tn\/construire-la-confiance-guider-la-performance\/"]}]},{"@type":"BreadcrumbList","@id":"https:\/\/www.abcs.tn\/construire-la-confiance-guider-la-performance\/#breadcrumb","itemListElement":[{"@type":"ListItem","position":1,"name":"Accueil","item":"https:\/\/www.abcs.tn\/"},{"@type":"ListItem","position":2,"name":"Cabinet de Conseil et d\u2019Expertise Comptable"}]},{"@type":"WebSite","@id":"https:\/\/www.abcs.tn\/#website","url":"https:\/\/www.abcs.tn\/","name":"ABCS","description":"","publisher":{"@id":"https:\/\/www.abcs.tn\/#organization"},"potentialAction":[{"@type":"SearchAction","target":{"@type":"EntryPoint","urlTemplate":"https:\/\/www.abcs.tn\/?s={search_term_string}"},"query-input":{"@type":"PropertyValueSpecification","valueRequired":true,"valueName":"search_term_string"}}],"inLanguage":"en-US"},{"@type":"Organization","@id":"https:\/\/www.abcs.tn\/#organization","name":"ABCS","url":"https:\/\/www.abcs.tn\/","logo":{"@type":"ImageObject","inLanguage":"en-US","@id":"https:\/\/www.abcs.tn\/#\/schema\/logo\/image\/","url":"https:\/\/www.abcs.tn\/wp-content\/uploads\/2024\/12\/cropped-L1180px-180px.png","contentUrl":"https:\/\/www.abcs.tn\/wp-content\/uploads\/2024\/12\/cropped-L1180px-180px.png","width":512,"height":512,"caption":"ABCS"},"image":{"@id":"https:\/\/www.abcs.tn\/#\/schema\/logo\/image\/"},"sameAs":["https:\/\/www.facebook.com\/profile.php?id=61570208257830&locale=fr_FR","https:\/\/www.instagram.com\/cabinet_abcs\/","https:\/\/www.linkedin.com\/company\/abcs-audit-business-consulting-services\/?viewAsMember=true"]}]}},"_links":{"self":[{"href":"https:\/\/www.abcs.tn\/en\/wp-json\/wp\/v2\/pages\/9305","targetHints":{"allow":["GET"]}}],"collection":[{"href":"https:\/\/www.abcs.tn\/en\/wp-json\/wp\/v2\/pages"}],"about":[{"href":"https:\/\/www.abcs.tn\/en\/wp-json\/wp\/v2\/types\/page"}],"author":[{"embeddable":true,"href":"https:\/\/www.abcs.tn\/en\/wp-json\/wp\/v2\/users\/1"}],"replies":[{"embeddable":true,"href":"https:\/\/www.abcs.tn\/en\/wp-json\/wp\/v2\/comments?post=9305"}],"version-history":[{"count":40,"href":"https:\/\/www.abcs.tn\/en\/wp-json\/wp\/v2\/pages\/9305\/revisions"}],"predecessor-version":[{"id":11712,"href":"https:\/\/www.abcs.tn\/en\/wp-json\/wp\/v2\/pages\/9305\/revisions\/11712"}],"wp:attachment":[{"href":"https:\/\/www.abcs.tn\/en\/wp-json\/wp\/v2\/media?parent=9305"}],"curies":[{"name":"wp","href":"https:\/\/api.w.org\/{rel}","templated":true}]}}