{"id":9726,"date":"2016-12-01T03:23:41","date_gmt":"2016-12-01T03:23:41","guid":{"rendered":"http:\/\/amwal.miraclestudio.design\/?page_id=9726"},"modified":"2025-06-20T15:38:30","modified_gmt":"2025-06-20T13:38:30","slug":"abcs-votre-partenaire-de-confiance-contactez-nous-des-aujourdhui","status":"publish","type":"page","link":"https:\/\/www.abcs.tn\/en\/abcs-votre-partenaire-de-confiance-contactez-nous-des-aujourdhui\/","title":{"rendered":"Contact"},"content":{"rendered":"<div class=\"wpb-content-wrapper\"><div class=\"vc_row wpb_row vc_row-fluid vc_custom_1733324256915\"><div class=\"container\"><div class=\"row\"><div class=\"wpb_column vc_column_container vc_col-sm-4\"><div class=\"vc_column-inner vc_custom_1482982543619\"><div class=\"wpb_wrapper\"><div class=\"amwal-icon-box  box-style-2\">\r\n\t\t\t\t <span class=\"b-icon icon-location2\"><\/span><h4 class=\"title\">Address<\/h4><div class=\"desc\"><p>R\u00e9sidence Le Capitole du Lac,<\/p>\n<p>Rez de Chauss\u00e9e,<\/p>\n<p>Rue des Lacs de Mazurie,<\/p>\n<p>Les berges du Lac 1053 Tunis<\/p>\n<\/div>\r\n\t\t\t<\/div><\/div><\/div><\/div><div class=\"wpb_column vc_column_container vc_col-sm-4\"><div class=\"vc_column-inner vc_custom_1482982549812\"><div class=\"wpb_wrapper\"><div class=\"amwal-icon-box  box-style-2\">\r\n\t\t\t\t <span class=\"b-icon icon-phone\"><\/span><h4 class=\"title\">Phone<\/h4><div class=\"desc\"><p>(+216) 36 20 79 49<\/p>\n<\/div>\r\n\t\t\t<\/div><\/div><\/div><\/div><div class=\"wpb_column vc_column_container vc_col-sm-4\"><div class=\"vc_column-inner vc_custom_1482982556523\"><div class=\"wpb_wrapper\"><div class=\"amwal-icon-box  box-style-2\">\r\n\t\t\t\t <span class=\"b-icon icon-mail2\"><\/span><h4 class=\"title\">E-mail<\/h4><div class=\"desc\"><p>contact@abcs.tn<\/p>\n<\/div>\r\n\t\t\t<\/div><\/div><\/div><\/div><\/div><\/div><\/div><div class=\"vc_row wpb_row vc_row-fluid vc_custom_1733324177834\"><div class=\"container\"><div class=\"row\"><div class=\"wpb_column vc_column_container vc_col-sm-12\"><div class=\"vc_column-inner\"><div class=\"wpb_wrapper\">\n\t<div class=\"wpb_text_column wpb_content_element\" >\n\t\t<div class=\"wpb_wrapper\">\n\t\t\t<h3>Access map<\/h3>\n\n\t\t<\/div>\n\t<\/div>\n<\/div><\/div><\/div><\/div><\/div><\/div><div data-vc-full-width=\"true\" data-vc-full-width-init=\"false\" data-vc-stretch-content=\"true\" class=\"vc_row wpb_row vc_row-fluid vc_row-no-padding\"><div class=\"container-fluid\"><div class=\"row\"><div class=\"wpb_column vc_column_container vc_col-sm-1\/5\"><div class=\"vc_column-inner\"><div class=\"wpb_wrapper\"><\/div><\/div><\/div><div class=\"wpb_column vc_column_container vc_col-sm-3\/5\"><div class=\"vc_column-inner\"><div class=\"wpb_wrapper\"><div class=\"wpb_gmaps_widget wpb_content_element\"><div class=\"wpb_wrapper\"><div class=\"wpb_map_wraper\"><iframe src=\"https:\/\/www.google.com\/maps\/embed?pb=!1m18!1m12!1m3!1d3193.157105327231!2d10.2452696!3d36.8387133!2m3!1f0!2f0!3f0!3m2!1i1024!2i768!4f13.1!3m3!1m2!1s0x12fd354341da51a3%3A0x1dee5b9fbe79dc6d!2sAudit%20Business%20%26%20Consulting%20Services!5e0!3m2!1sfr!2stn!4v1733754037891!5m2!1sfr!2stn\" width=\"600\" height=\"450\" style=\"border:0;\" allowfullscreen=\"\" loading=\"lazy\" referrerpolicy=\"no-referrer-when-downgrade\"><\/iframe><\/div><\/div><\/div><\/div><\/div><\/div><div class=\"wpb_column vc_column_container vc_col-sm-12\"><div class=\"vc_column-inner\"><div class=\"wpb_wrapper\"><\/div><\/div><\/div><\/div><\/div><\/div><div class=\"vc_row-full-width vc_clearfix\"><\/div><div class=\"vc_row wpb_row vc_row-fluid vc_custom_1733324217503\"><div class=\"container\"><div class=\"row\"><div class=\"wpb_column vc_column_container vc_col-sm-12\"><div class=\"vc_column-inner\"><div class=\"wpb_wrapper\"><div class=\"section-title title-block title-style-2\"><span class=\"top-title\"><\/span><h2 class=\"title\">Send a message<\/h2><\/div><\/div><\/div><\/div><\/div><\/div><\/div><div class=\"vc_row wpb_row vc_row-fluid vc_custom_1479094605827\"><div class=\"container\"><div class=\"row\"><div class=\"wpb_column vc_column_container vc_col-sm-12\"><div class=\"vc_column-inner\"><div class=\"wpb_wrapper\"><div class=\"amwal-contact-form\">\r\n\t\t\t\t\n<div class=\"wpcf7 no-js\" id=\"wpcf7-f9693-o1\" lang=\"en-US\" dir=\"ltr\" data-wpcf7-id=\"9693\">\n<div class=\"screen-reader-response\"><p role=\"status\" aria-live=\"polite\" aria-atomic=\"true\"><\/p> <ul><\/ul><\/div>\n<form action=\"\/en\/wp-json\/wp\/v2\/pages\/9726#wpcf7-f9693-o1\" method=\"post\" class=\"wpcf7-form init\" aria-label=\"Contact form\" novalidate=\"novalidate\" data-status=\"init\" data-trp-original-action=\"\/en\/wp-json\/wp\/v2\/pages\/9726#wpcf7-f9693-o1\">\n<div style=\"display: none;\">\n<input type=\"hidden\" name=\"_wpcf7\" value=\"9693\" \/>\n<input type=\"hidden\" name=\"_wpcf7_version\" value=\"6.0.3\" \/>\n<input type=\"hidden\" name=\"_wpcf7_locale\" value=\"en_US\" \/>\n<input type=\"hidden\" name=\"_wpcf7_unit_tag\" value=\"wpcf7-f9693-o1\" \/>\n<input type=\"hidden\" name=\"_wpcf7_container_post\" value=\"0\" \/>\n<input type=\"hidden\" name=\"_wpcf7_posted_data_hash\" value=\"\" \/>\n<input type=\"hidden\" name=\"_wpcf7_recaptcha_response\" value=\"\" \/>\n<\/div>\n<div class=\"row\">\n\t<div class=\"col-md-4 col-sm-4 col-xs-12\">\n\t\t<p><span class=\"wpcf7-form-control-wrap\" data-name=\"your-name\"><input size=\"40\" maxlength=\"400\" class=\"wpcf7-form-control wpcf7-text wpcf7-validates-as-required\" aria-required=\"true\" aria-invalid=\"false\" placeholder=\"Full name\" value=\"\" type=\"text\" name=\"your-name\" \/><\/span>\n\t\t<\/p>\n\t<\/div>\n\t<div class=\"col-md-4 col-sm-4 col-xs-12\">\n\t\t<p><span class=\"wpcf7-form-control-wrap\" data-name=\"your-email\"><input size=\"40\" maxlength=\"400\" class=\"wpcf7-form-control wpcf7-email wpcf7-validates-as-required wpcf7-text wpcf7-validates-as-email\" aria-required=\"true\" aria-invalid=\"false\" placeholder=\"E-mail\" value=\"\" type=\"email\" name=\"your-email\" \/><\/span>\n\t\t<\/p>\n\t<\/div>\n\t<div class=\"col-md-4 col-sm-4 col-xs-12\">\n\t\t<p><span class=\"wpcf7-form-control-wrap\" data-name=\"your-phone\"><input size=\"40\" maxlength=\"400\" class=\"wpcf7-form-control wpcf7-text\" aria-invalid=\"false\" placeholder=\"Subject\" value=\"\" type=\"text\" name=\"your-phone\" \/><\/span>\n\t\t<\/p>\n\t<\/div>\n\t<div class=\"col-md-12 col-sm-12 col-xs-12\">\n\t\t<p><span class=\"wpcf7-form-control-wrap\" data-name=\"your-comment\"><textarea cols=\"40\" rows=\"10\" maxlength=\"2000\" class=\"wpcf7-form-control wpcf7-textarea\" aria-invalid=\"false\" placeholder=\"Comment\" name=\"your-comment\"><\/textarea><\/span>\n\t\t<\/p>\n\t<span class=\"wpcf7-form-control-wrap recaptcha\" data-name=\"recaptcha\"><span data-sitekey=\"6LfXpr4qAAAAAE3gPM7gW5ZjawXl6vJpMYaE9kGG\" class=\"wpcf7-form-control wpcf7-recaptcha g-recaptcha\"><\/span>\r\n<noscript>\r\n\t<div class=\"grecaptcha-noscript\">\r\n\t\t<iframe loading=\"lazy\" src=\"https:\/\/www.google.com\/recaptcha\/api\/fallback?k=6LfXpr4qAAAAAE3gPM7gW5ZjawXl6vJpMYaE9kGG\" frameborder=\"0\" scrolling=\"no\" width=\"310\" height=\"430\">\r\n\t\t<\/iframe>\r\n\t\t<textarea name=\"g-recaptcha-response\" rows=\"3\" cols=\"40\" placeholder=\"reCaptcha Response Here\">\r\n\t\t<\/textarea>\r\n\t<\/div>\r\n<\/noscript>\r\n<\/span>\n\n\n <!-- Ajout d'un espacement avec une marge -->\n\t\t<div class=\"col-md-12 col-sm-12 col-xs-12\" style=\"margin-top: 20px;\">\n\t\t\t<div class=\"btn-submit\">\n\t\t\t\t<p><input class=\"wpcf7-form-control wpcf7-submit has-spinner\" type=\"submit\" value=\"Send\" \/>\n\t\t\t\t<\/p>\n\t\t\t<\/div>\n\t\t<\/div>\n\t<\/div>\n<\/div><p style=\"display: none !important;\" class=\"akismet-fields-container\" data-prefix=\"_wpcf7_ak_\"><label>&#916;<textarea name=\"_wpcf7_ak_hp_textarea\" cols=\"45\" rows=\"8\" maxlength=\"100\"><\/textarea><\/label><input type=\"hidden\" id=\"ak_js_1\" name=\"_wpcf7_ak_js\" value=\"112\"\/><script>document.getElementById( \"ak_js_1\" ).setAttribute( \"value\", ( new Date() ).getTime() );<\/script><\/p><div class=\"wpcf7-response-output\" aria-hidden=\"true\"><\/div>\n<input type=\"hidden\" name=\"trp-form-language\" value=\"en\"\/><\/form>\n<\/div>\n\r\n\t\t\t<\/div><\/div><\/div><\/div><\/div><\/div><\/div>\n<\/div>","protected":false},"excerpt":{"rendered":"AdresseR\u00e9sidence Le Capitole du Lac, Rez de Chauss\u00e9e, Rue des Lacs de Mazurie, Les berges du Lac 1053 Tunis T\u00e9l\u00e9phone(+216) 36 20 79 49 E-mailcontact@abcs.tn Plan d\u2019acc\u00e8s Envoyer un message &#916;","protected":false},"author":1,"featured_media":0,"parent":0,"menu_order":0,"comment_status":"closed","ping_status":"closed","template":"template-full-width.php","meta":{"footnotes":""},"class_list":["post-9726","page","type-page","status-publish","hentry"],"yoast_head":"<!-- This site is optimized with the Yoast SEO plugin v24.5 - https:\/\/yoast.com\/wordpress\/plugins\/seo\/ -->\n<title>Contact - ABCS - votre partenaire de confiance - contactez-nous .<\/title>\n<meta name=\"description\" content=\"Contactez ABCS situ\u00e9 aux Berges du Lac \u00e0 Tunis. Appelez-nous au (+216) 36 20 79 49 ou \u00e9crivez \u00e0 contact@abcs.tn.\" \/>\n<meta name=\"robots\" content=\"index, follow, max-snippet:-1, max-image-preview:large, max-video-preview:-1\" \/>\n<link rel=\"canonical\" href=\"https:\/\/www.abcs.tn\/en\/abcs-votre-partenaire-de-confiance-contactez-nous-des-aujourdhui\/\" \/>\n<meta property=\"og:locale\" content=\"en_US\" \/>\n<meta property=\"og:type\" content=\"article\" \/>\n<meta property=\"og:title\" content=\"Contact - ABCS - votre partenaire de confiance - contactez-nous .\" \/>\n<meta property=\"og:description\" content=\"Contactez ABCS situ\u00e9 aux Berges du Lac \u00e0 Tunis. Appelez-nous au (+216) 36 20 79 49 ou \u00e9crivez \u00e0 contact@abcs.tn.\" \/>\n<meta property=\"og:url\" content=\"https:\/\/www.abcs.tn\/en\/abcs-votre-partenaire-de-confiance-contactez-nous-des-aujourdhui\/\" \/>\n<meta property=\"og:site_name\" content=\"ABCS\" \/>\n<meta property=\"article:publisher\" content=\"https:\/\/www.facebook.com\/profile.php?id=61570208257830&amp;locale=fr_FR\" \/>\n<meta property=\"article:modified_time\" content=\"2025-06-20T13:38:30+00:00\" \/>\n<meta name=\"twitter:card\" content=\"summary_large_image\" \/>\n<meta name=\"twitter:label1\" content=\"Est. reading time\" \/>\n\t<meta name=\"twitter:data1\" content=\"1 minute\" \/>\n<script type=\"application\/ld+json\" class=\"yoast-schema-graph\">{\"@context\":\"https:\/\/schema.org\",\"@graph\":[{\"@type\":\"WebPage\",\"@id\":\"https:\/\/www.abcs.tn\/abcs-votre-partenaire-de-confiance-contactez-nous-des-aujourdhui\/\",\"url\":\"https:\/\/www.abcs.tn\/abcs-votre-partenaire-de-confiance-contactez-nous-des-aujourdhui\/\",\"name\":\"Contact - ABCS - votre partenaire de confiance - contactez-nous .\",\"isPartOf\":{\"@id\":\"https:\/\/www.abcs.tn\/#website\"},\"datePublished\":\"2016-12-01T03:23:41+00:00\",\"dateModified\":\"2025-06-20T13:38:30+00:00\",\"description\":\"Contactez ABCS situ\u00e9 aux Berges du Lac \u00e0 Tunis. Appelez-nous au (+216) 36 20 79 49 ou \u00e9crivez \u00e0 contact@abcs.tn.\",\"breadcrumb\":{\"@id\":\"https:\/\/www.abcs.tn\/abcs-votre-partenaire-de-confiance-contactez-nous-des-aujourdhui\/#breadcrumb\"},\"inLanguage\":\"en-US\",\"potentialAction\":[{\"@type\":\"ReadAction\",\"target\":[\"https:\/\/www.abcs.tn\/abcs-votre-partenaire-de-confiance-contactez-nous-des-aujourdhui\/\"]}]},{\"@type\":\"BreadcrumbList\",\"@id\":\"https:\/\/www.abcs.tn\/abcs-votre-partenaire-de-confiance-contactez-nous-des-aujourdhui\/#breadcrumb\",\"itemListElement\":[{\"@type\":\"ListItem\",\"position\":1,\"name\":\"Accueil\",\"item\":\"https:\/\/www.abcs.tn\/\"},{\"@type\":\"ListItem\",\"position\":2,\"name\":\"Contact\"}]},{\"@type\":\"WebSite\",\"@id\":\"https:\/\/www.abcs.tn\/#website\",\"url\":\"https:\/\/www.abcs.tn\/\",\"name\":\"ABCS\",\"description\":\"\",\"publisher\":{\"@id\":\"https:\/\/www.abcs.tn\/#organization\"},\"potentialAction\":[{\"@type\":\"SearchAction\",\"target\":{\"@type\":\"EntryPoint\",\"urlTemplate\":\"https:\/\/www.abcs.tn\/?s={search_term_string}\"},\"query-input\":{\"@type\":\"PropertyValueSpecification\",\"valueRequired\":true,\"valueName\":\"search_term_string\"}}],\"inLanguage\":\"en-US\"},{\"@type\":\"Organization\",\"@id\":\"https:\/\/www.abcs.tn\/#organization\",\"name\":\"ABCS\",\"url\":\"https:\/\/www.abcs.tn\/\",\"logo\":{\"@type\":\"ImageObject\",\"inLanguage\":\"en-US\",\"@id\":\"https:\/\/www.abcs.tn\/#\/schema\/logo\/image\/\",\"url\":\"https:\/\/www.abcs.tn\/wp-content\/uploads\/2024\/12\/cropped-L1180px-180px.png\",\"contentUrl\":\"https:\/\/www.abcs.tn\/wp-content\/uploads\/2024\/12\/cropped-L1180px-180px.png\",\"width\":512,\"height\":512,\"caption\":\"ABCS\"},\"image\":{\"@id\":\"https:\/\/www.abcs.tn\/#\/schema\/logo\/image\/\"},\"sameAs\":[\"https:\/\/www.facebook.com\/profile.php?id=61570208257830&locale=fr_FR\",\"https:\/\/www.instagram.com\/cabinet_abcs\/\",\"https:\/\/www.linkedin.com\/company\/abcs-audit-business-consulting-services\/?viewAsMember=true\"]}]}<\/script>\n<!-- \/ Yoast SEO plugin. -->","yoast_head_json":{"title":"Contact - ABCS - votre partenaire de confiance - contactez-nous .","description":"Contactez ABCS situ\u00e9 aux Berges du Lac \u00e0 Tunis. Appelez-nous au (+216) 36 20 79 49 ou \u00e9crivez \u00e0 contact@abcs.tn.","robots":{"index":"index","follow":"follow","max-snippet":"max-snippet:-1","max-image-preview":"max-image-preview:large","max-video-preview":"max-video-preview:-1"},"canonical":"https:\/\/www.abcs.tn\/en\/abcs-votre-partenaire-de-confiance-contactez-nous-des-aujourdhui\/","og_locale":"en_US","og_type":"article","og_title":"Contact - ABCS - votre partenaire de confiance - contactez-nous .","og_description":"Contactez ABCS situ\u00e9 aux Berges du Lac \u00e0 Tunis. Appelez-nous au (+216) 36 20 79 49 ou \u00e9crivez \u00e0 contact@abcs.tn.","og_url":"https:\/\/www.abcs.tn\/en\/abcs-votre-partenaire-de-confiance-contactez-nous-des-aujourdhui\/","og_site_name":"ABCS","article_publisher":"https:\/\/www.facebook.com\/profile.php?id=61570208257830&locale=fr_FR","article_modified_time":"2025-06-20T13:38:30+00:00","twitter_card":"summary_large_image","twitter_misc":{"Est. reading time":"1 minute"},"schema":{"@context":"https:\/\/schema.org","@graph":[{"@type":"WebPage","@id":"https:\/\/www.abcs.tn\/abcs-votre-partenaire-de-confiance-contactez-nous-des-aujourdhui\/","url":"https:\/\/www.abcs.tn\/abcs-votre-partenaire-de-confiance-contactez-nous-des-aujourdhui\/","name":"Contact - ABCS - votre partenaire de confiance - contactez-nous .","isPartOf":{"@id":"https:\/\/www.abcs.tn\/#website"},"datePublished":"2016-12-01T03:23:41+00:00","dateModified":"2025-06-20T13:38:30+00:00","description":"Contactez ABCS situ\u00e9 aux Berges du Lac \u00e0 Tunis. Appelez-nous au (+216) 36 20 79 49 ou \u00e9crivez \u00e0 contact@abcs.tn.","breadcrumb":{"@id":"https:\/\/www.abcs.tn\/abcs-votre-partenaire-de-confiance-contactez-nous-des-aujourdhui\/#breadcrumb"},"inLanguage":"en-US","potentialAction":[{"@type":"ReadAction","target":["https:\/\/www.abcs.tn\/abcs-votre-partenaire-de-confiance-contactez-nous-des-aujourdhui\/"]}]},{"@type":"BreadcrumbList","@id":"https:\/\/www.abcs.tn\/abcs-votre-partenaire-de-confiance-contactez-nous-des-aujourdhui\/#breadcrumb","itemListElement":[{"@type":"ListItem","position":1,"name":"Accueil","item":"https:\/\/www.abcs.tn\/"},{"@type":"ListItem","position":2,"name":"Contact"}]},{"@type":"WebSite","@id":"https:\/\/www.abcs.tn\/#website","url":"https:\/\/www.abcs.tn\/","name":"ABCS","description":"","publisher":{"@id":"https:\/\/www.abcs.tn\/#organization"},"potentialAction":[{"@type":"SearchAction","target":{"@type":"EntryPoint","urlTemplate":"https:\/\/www.abcs.tn\/?s={search_term_string}"},"query-input":{"@type":"PropertyValueSpecification","valueRequired":true,"valueName":"search_term_string"}}],"inLanguage":"en-US"},{"@type":"Organization","@id":"https:\/\/www.abcs.tn\/#organization","name":"ABCS","url":"https:\/\/www.abcs.tn\/","logo":{"@type":"ImageObject","inLanguage":"en-US","@id":"https:\/\/www.abcs.tn\/#\/schema\/logo\/image\/","url":"https:\/\/www.abcs.tn\/wp-content\/uploads\/2024\/12\/cropped-L1180px-180px.png","contentUrl":"https:\/\/www.abcs.tn\/wp-content\/uploads\/2024\/12\/cropped-L1180px-180px.png","width":512,"height":512,"caption":"ABCS"},"image":{"@id":"https:\/\/www.abcs.tn\/#\/schema\/logo\/image\/"},"sameAs":["https:\/\/www.facebook.com\/profile.php?id=61570208257830&locale=fr_FR","https:\/\/www.instagram.com\/cabinet_abcs\/","https:\/\/www.linkedin.com\/company\/abcs-audit-business-consulting-services\/?viewAsMember=true"]}]}},"_links":{"self":[{"href":"https:\/\/www.abcs.tn\/en\/wp-json\/wp\/v2\/pages\/9726","targetHints":{"allow":["GET"]}}],"collection":[{"href":"https:\/\/www.abcs.tn\/en\/wp-json\/wp\/v2\/pages"}],"about":[{"href":"https:\/\/www.abcs.tn\/en\/wp-json\/wp\/v2\/types\/page"}],"author":[{"embeddable":true,"href":"https:\/\/www.abcs.tn\/en\/wp-json\/wp\/v2\/users\/1"}],"replies":[{"embeddable":true,"href":"https:\/\/www.abcs.tn\/en\/wp-json\/wp\/v2\/comments?post=9726"}],"version-history":[{"count":25,"href":"https:\/\/www.abcs.tn\/en\/wp-json\/wp\/v2\/pages\/9726\/revisions"}],"predecessor-version":[{"id":11726,"href":"https:\/\/www.abcs.tn\/en\/wp-json\/wp\/v2\/pages\/9726\/revisions\/11726"}],"wp:attachment":[{"href":"https:\/\/www.abcs.tn\/en\/wp-json\/wp\/v2\/media?parent=9726"}],"curies":[{"name":"wp","href":"https:\/\/api.w.org\/{rel}","templated":true}]}}